{"id":1111,"date":"2018-05-22T11:13:07","date_gmt":"2018-05-22T11:13:07","guid":{"rendered":"https:\/\/knittedinswitzerland.wordpress.com\/?page_id=1111"},"modified":"2018-05-22T11:13:07","modified_gmt":"2018-05-22T11:13:07","slug":"terms-and-conditions-nutzungsbedingungen","status":"publish","type":"page","link":"https:\/\/knittedinswitzerland.ch\/?page_id=1111","title":{"rendered":"Terms and Conditions \/ Nutzungsbedingungen"},"content":{"rendered":"<p>All content provided on this blog is for informational purposes only. The owner of this blog makes no representations as to the accuracy or completeness of any information on this site or found by following any link on this site. The owner will not be liable for any errors or omissions in this information nor for the availability of this information. The owner will not be liable for any losses, injuries, or damages from the display or use of this information. These terms and conditions of use are subject to change at any time and without notice.<\/p>\n<p>Contact me to ask for permission before using my photos.<\/p>\n<p>When clicking on a link to Ravelry to buy one of my patterns, their terms and conditions apply. <a href=\"https:\/\/www.ravelry.com\/about\/terms\">https:\/\/www.ravelry.com\/about\/terms<\/a><\/p>\n<p>When you buy one of my patterns, I will receive your Ravelry name, email address and the name and address you use for Paypal. I will never sell this information. Your email address and Ravelry name may be used to send you updates for the pattern you have bought. It will not be used in any other way.<\/p>\n<p>My patterns are for private, non-commercial use only. You may not distribute them in any way.<\/p>\n<hr \/>\n<div id=\"gba\" class=\"gb_Kd\">\n<p>Alle Inhalte in diesem Blog dienen nur zu Informationszwecken. Der Eigent\u00fcmer dieses Blogs gibt keine Zusicherungen hinsichtlich der Genauigkeit oder Vollst\u00e4ndigkeit von Informationen auf dieser Website oder durch das Folgen eines Links auf dieser Website gefunden. Der Eigent\u00fcmer haftet nicht f\u00fcr Fehler oder Auslassungen in diesen Informationen sowie f\u00fcr die Verf\u00fcgbarkeit dieser Informationen. Der Besitzer haftet nicht f\u00fcr Verluste, Verletzungen oder Sch\u00e4den durch die Anzeige oder Verwendung dieser Informationen. Diese Nutzungsbedingungen k\u00f6nnen jederzeit und ohne vorherige Ank\u00fcndigung ge\u00e4ndert werden.<br \/>\nKontaktieren Sie mich, um vor der Verwendung meiner Fotos um Erlaubnis zu fragen.<br \/>\nWenn Sie auf einen Link zu Ravelry klicken, um eines meiner Muster zu kaufen, gelten deren Gesch\u00e4ftsbedingungen. https:\/\/www.ravelry.com\/about\/terms<br \/>\nWenn Sie eines meiner Muster kaufen, erhalte ich Ihren Ravelry-Namen, Ihre E-Mail-Adresse sowie den Namen und die Adresse, die Sie f\u00fcr Paypal verwenden. Ich werde diese Informationen niemals verkaufen. Ihre E-Mail-Adresse und Ihr Ravelry-Name k\u00f6nnen verwendet werden, um Ihnen Updates f\u00fcr das von Ihnen erworbene Muster zu senden. Es wird nicht anders verwendet.<br \/>\nMeine Muster sind nur f\u00fcr den privaten, nicht kommerziellen Gebrauch bestimmt. Sie d\u00fcrfen sie in keiner Weise verteilen.<\/p>\n<\/div>\n<div id=\"gt-c\" class=\"g-section\">\n<div id=\"gt-bbar-c\"><\/div>\n<div id=\"gt-form-c\">\n<div id=\"gt-appbar\"><\/div>\n<\/div>\n<\/div>\n<div id=\"gt-res-c\" class=\"g-unit\">\n<div id=\"gt-res-p\">\n<div id=\"gt-res-data\">\n<div id=\"gt-res-wrap\">\n<div id=\"gt-res-content\">\n<div id=\"tts_button\"><\/div>\n<p id=\"gt-res-dir-ctr\" class=\"trans-verified-button-small\" dir=\"ltr\" style=\"text-align:justify;\"><span id=\"result_box\" class=\"\" lang=\"de\"><span title=\"You may not distribute them in any way.\">\u00a0<\/span><\/span><\/p>\n<\/div>\n<div id=\"gt-res-tools\"><\/div>\n<\/div>\n<\/div>\n<\/div>\n<\/div>\n<div id=\"gt-c\" class=\"g-section\">\n<div id=\"gt-form-c\"><\/div>\n<div id=\"gt-ft-res\"><\/div>\n<\/div>\n","protected":false},"excerpt":{"rendered":"<p>All content provided on this blog is for informational purposes only. The owner of this blog makes no representations as to the accuracy or completeness of any information on this site or found by following any link on this site. The owner will not be liable for any errors or omissions in this information nor &hellip;<\/p>\n<p class=\"read-more\"> <a class=\"\" href=\"https:\/\/knittedinswitzerland.ch\/?page_id=1111\"> <span class=\"screen-reader-text\">Terms and Conditions \/ Nutzungsbedingungen<\/span> Read More &raquo;<\/a><\/p>\n","protected":false},"author":2,"featured_media":0,"parent":0,"menu_order":0,"comment_status":"closed","ping_status":"closed","template":"","meta":{"site-sidebar-layout":"default","site-content-layout":"default","ast-global-header-display":"","ast-main-header-display":"","ast-hfb-above-header-display":"","ast-hfb-below-header-display":"","ast-hfb-mobile-header-display":"","site-post-title":"","ast-breadcrumbs-content":"","ast-featured-img":"","footer-sml-layout":"","theme-transparent-header-meta":"","adv-header-id-meta":"","stick-header-meta":"","header-above-stick-meta":"","header-main-stick-meta":"","header-below-stick-meta":""},"_links":{"self":[{"href":"https:\/\/knittedinswitzerland.ch\/index.php?rest_route=\/wp\/v2\/pages\/1111"}],"collection":[{"href":"https:\/\/knittedinswitzerland.ch\/index.php?rest_route=\/wp\/v2\/pages"}],"about":[{"href":"https:\/\/knittedinswitzerland.ch\/index.php?rest_route=\/wp\/v2\/types\/page"}],"author":[{"embeddable":true,"href":"https:\/\/knittedinswitzerland.ch\/index.php?rest_route=\/wp\/v2\/users\/2"}],"replies":[{"embeddable":true,"href":"https:\/\/knittedinswitzerland.ch\/index.php?rest_route=%2Fwp%2Fv2%2Fcomments&post=1111"}],"version-history":[{"count":0,"href":"https:\/\/knittedinswitzerland.ch\/index.php?rest_route=\/wp\/v2\/pages\/1111\/revisions"}],"wp:attachment":[{"href":"https:\/\/knittedinswitzerland.ch\/index.php?rest_route=%2Fwp%2Fv2%2Fmedia&parent=1111"}],"curies":[{"name":"wp","href":"https:\/\/api.w.org\/{rel}","templated":true}]}}